{"id":36,"date":"2012-02-08T22:46:29","date_gmt":"2012-02-08T21:46:29","guid":{"rendered":"http:\/\/www.djuro-batsallskap.se\/web\/?page_id=36"},"modified":"2026-04-10T11:57:30","modified_gmt":"2026-04-10T09:57:30","slug":"stadgarmedlemskap","status":"publish","type":"page","link":"https:\/\/www.djuro-batsallskap.se\/web\/?page_id=36","title":{"rendered":"Medlemskap"},"content":{"rendered":"\n<p><a href=\"http:\/\/www.djuro-batsallskap.se\/web\/?attachment_id=431\" rel=\"attachment wp-att-431\"><img loading=\"lazy\" decoding=\"async\" class=\"alignright wp-image-431\" title=\"2010-11-13 DBS arbetsdag 004\" src=\"http:\/\/www.djuro-batsallskap.se\/web\/wp-content\/uploads\/2010-11-13-DBS-arbetsdag-004-300x200.jpg\" alt=\"\" width=\"295\" height=\"197\" srcset=\"https:\/\/www.djuro-batsallskap.se\/web\/wp-content\/uploads\/2010-11-13-DBS-arbetsdag-004-300x200.jpg 300w, https:\/\/www.djuro-batsallskap.se\/web\/wp-content\/uploads\/2010-11-13-DBS-arbetsdag-004.jpg 1024w\" sizes=\"auto, (max-width: 295px) 100vw, 295px\" \/><\/a>Djur\u00f6 B\u00e5ts\u00e4llskap, DBS, \u00e4r en ideell f\u00f6rening som bygger p\u00e5 medlemmarnas gemensamma arbetsinsatser f\u00f6r att \u00e5stadkomma en trivsam och v\u00e4l fungerande b\u00e5tklubb.<\/p>\n<p>DBS verkar f\u00f6r ett aktivt b\u00e5tliv med kappseglingar, eskaderseglingar, ungdoms-verksamhet, information om b\u00e5tlivsfr\u00e5gor samt inte minst en trivsam gemenskap. DBS driver genom gemensamma arbetsinsatser hamn- och uppl\u00e4ggningsplatser f\u00f6r medlemmar.<\/p>\n<p>Mantalsskrivna i V\u00e4rmd\u00f6 kan, efter skriftlig ans\u00f6kan, bli Fullv\u00e4rdig medlem i Djur\u00f6 B\u00e5ts\u00e4llskap. \u00c4ven andra personer kan ans\u00f6ka om St\u00f6djande medlemskap. Antagen medlem kan, efter ans\u00f6kan och i m\u00e5n av plats, tilldelas hamnplats och\/eller vinteruppl\u00e4ggningsplats.<\/p>\n<p><strong>OBS: Endast mantalsskrivna i V\u00e4rmd\u00f6 kan erh\u00e5lla plats i hamnen under sommaren.<\/strong><\/p>\n<div style=\"border: 2px solid black; padding: 5px; background: yellow;\"><strong>Vill du bli medlem?<\/strong><br \/>\n-L\u00e4s igenom Stadgarna nedan och fyll i &#8221;<em>Ans\u00f6kan om medlemskap<\/em>&#8221;.<br \/>\n<strong>Vill du f\u00e5 Hamn- eller Varvsplats?<\/strong><br \/>\n-L\u00e4s \u00e4ven igenom &#8221;<em>Hamn- och varvsregler<\/em>&#8221;.<br \/>\n&#8211; Fyll i &#8221;<em>Ans\u00f6kan om registrering av b\u00e5t<\/em>&#8221;.<br \/>\n<strong><em>OBS: \u00c4ven Milj\u00f6intyg!!<br \/>\nOBS2: Kopia p\u00e5 f\u00f6rs\u00e4kringsbrev skall bifogas.<\/em><\/strong><br \/>\n&#8211; Fyll \u00e4ven i &#8221;<em>Ans\u00f6kan om Hamn-\/varvsplats<\/em>&#8221;.<br \/>\nOBS: Vid erh\u00e5llen plats i hamnen tillkommer en &#8221;registreringsavgift&#8221;.<\/div>\n<p><strong>Har du fr\u00e5gor?<\/strong> &#8211; Kontakta n\u00e5gon i styrelsen eller n\u00e5gon funktion\u00e4r.<\/p>\n<p><a href=\"http:\/\/www.djuro-batsallskap.se\/web\/?attachment_id=51\" target=\"_blank\" rel=\"attachment wp-att-51 noopener noreferrer\"><img loading=\"lazy\" decoding=\"async\" class=\"wp-image-51 alignright\" title=\"Adobe Reader\" src=\"http:\/\/www.djuro-batsallskap.se\/web\/wp-content\/uploads\/get_adobe_reader.png\" alt=\"\" width=\"158\" height=\"39\"><\/a>Adobe Reader kr\u00e4vs f\u00f6r att kunna l\u00e4sa blanketterna. Adobe Reader kan laddas ner gratis fr\u00e5n Adobe genom att klicka <a href=\"http:\/\/www.adobe.com\/products\/acrobat\/readstep2.html\" target=\"_blank\" rel=\"noopener noreferrer\">h\u00e4r<\/a>.<\/p>\n<p>Filer att ladda ned:<\/p>\n<div class=\"wpfilebase-attachment\">\r\n <div class=\"wpfilebase-fileicon\"><a href=\"https:\/\/www.djuro-batsallskap.se\/web\/?wpfb_dl=355\" title=\"Download Ans\u00f6kan Medlemskap DBS\" target=\"_blank\"><img decoding=\"async\" align=\"middle\" src=\"http:\/\/www.djuro-batsallskap.se\/web\/wp-includes\/images\/crystal\/document.png\" alt=\"Ans\u00f6kan Medlemskap DBS\" \/><\/a><\/div>\r\n <div class=\"wpfilebase-rightcol\">\r\n  <div class=\"wpfilebase-filetitle\">\r\n   <a href=\"https:\/\/www.djuro-batsallskap.se\/web\/?wpfb_dl=355\" title=\"Download Ans\u00f6kan Medlemskap DBS\" target=\"_blank\">Ans\u00f6kan Medlemskap DBS<\/a><br \/>\r\n   DBS-Ansokan-Medlemskap-2011-2026.pdf<br \/>\r\n   \r\n   \r\n  <\/div>\r\n  <div class=\"wpfilebase-filedetails\" id=\"wpfilebase-filedetails1\" style=\"display: none;\">\r\n  <p>Ans\u00f6kan om medlemskap i Djur\u00f6 B\u00e5ts\u00e4llskap<\/p>\r\n  <table border=\"0\">\r\n   <tr><td><strong>Spr\u00e5k:<\/strong><\/td><td>Svenska <\/td><\/tr>\r\n   \r\n   \r\n   \r\n   <tr><td><strong>Kategori:<\/strong><\/td><td>Stadgar, regler, policyn och medlemskap<\/td><\/tr>\r\n   \r\n   <tr><td><strong>Datum:<\/strong><\/td><td>20 april, 2020<\/td><\/tr>\r\n   \n  <\/table>\r\n  <\/div>\r\n <\/div>\r\n <div class=\"wpfilebase-fileinfo\">\r\n  214.5 KiB<br \/>\r\n  947 Downloads<br \/>\r\n  <a href=\"#\" onclick=\"return wpfilebase_filedetails(1);\">Detaljer...<\/a>\r\n <\/div>\r\n <div style=\"clear: both;\"><\/div>\r\n<\/div><div class=\"wpfilebase-attachment\">\r\n <div class=\"wpfilebase-fileicon\"><a href=\"https:\/\/www.djuro-batsallskap.se\/web\/?wpfb_dl=356\" title=\"Download DBS Ans\u00f6kan B\u00e5tregistrering \" target=\"_blank\"><img decoding=\"async\" align=\"middle\" src=\"http:\/\/www.djuro-batsallskap.se\/web\/wp-includes\/images\/crystal\/document.png\" alt=\"DBS Ans\u00f6kan B\u00e5tregistrering \" \/><\/a><\/div>\r\n <div class=\"wpfilebase-rightcol\">\r\n  <div class=\"wpfilebase-filetitle\">\r\n   <a href=\"https:\/\/www.djuro-batsallskap.se\/web\/?wpfb_dl=356\" title=\"Download DBS Ans\u00f6kan B\u00e5tregistrering \" target=\"_blank\">DBS Ans\u00f6kan B\u00e5tregistrering <\/a><br \/>\r\n   DBS-Ansokan_Batregistrering-202604.pdf<br \/>\r\n   \r\n   \r\n  <\/div>\r\n  <div class=\"wpfilebase-filedetails\" id=\"wpfilebase-filedetails2\" style=\"display: none;\">\r\n  <p>Ans\u00f6kan f\u00f6r registrering av b\u00e5t. Uppdaterad f\u00f6r att \u00e4ven g\u00e4lla f\u00f6r jollar.<\/p>\r\n  <table border=\"0\">\r\n   <tr><td><strong>Spr\u00e5k:<\/strong><\/td><td>Svenska <\/td><\/tr>\r\n   \r\n   \r\n   \r\n   <tr><td><strong>Kategori:<\/strong><\/td><td>Stadgar, regler, policyn och medlemskap<\/td><\/tr>\r\n   \r\n   <tr><td><strong>Datum:<\/strong><\/td><td>22 maj, 2021<\/td><\/tr>\r\n   \n  <\/table>\r\n  <\/div>\r\n <\/div>\r\n <div class=\"wpfilebase-fileinfo\">\r\n  196.8 KiB<br \/>\r\n  949 Downloads<br \/>\r\n  <a href=\"#\" onclick=\"return wpfilebase_filedetails(2);\">Detaljer...<\/a>\r\n <\/div>\r\n <div style=\"clear: both;\"><\/div>\r\n<\/div><div class=\"wpfilebase-attachment\">\r\n <div class=\"wpfilebase-fileicon\"><a href=\"https:\/\/www.djuro-batsallskap.se\/web\/?wpfb_dl=357\" title=\"Download DBS Ans\u00f6kan Hamn Varvsplats\" target=\"_blank\"><img decoding=\"async\" align=\"middle\" src=\"http:\/\/www.djuro-batsallskap.se\/web\/wp-includes\/images\/crystal\/document.png\" alt=\"DBS Ans\u00f6kan Hamn Varvsplats\" \/><\/a><\/div>\r\n <div class=\"wpfilebase-rightcol\">\r\n  <div class=\"wpfilebase-filetitle\">\r\n   <a href=\"https:\/\/www.djuro-batsallskap.se\/web\/?wpfb_dl=357\" title=\"Download DBS Ans\u00f6kan Hamn Varvsplats\" target=\"_blank\">DBS Ans\u00f6kan Hamn Varvsplats<\/a><br \/>\r\n   DBS-Ansu00f6kan-Hamn-Varvsplats-110508-v1.0W97.pdf<br \/>\r\n   \r\n   \r\n  <\/div>\r\n  <div class=\"wpfilebase-filedetails\" id=\"wpfilebase-filedetails3\" style=\"display: none;\">\r\n  <p><\/p>\r\n  <table border=\"0\">\r\n   <tr><td><strong>Spr\u00e5k:<\/strong><\/td><td>Svenska <\/td><\/tr>\r\n   \r\n   \r\n   \r\n   <tr><td><strong>Kategori:<\/strong><\/td><td>Stadgar, regler, policyn och medlemskap<\/td><\/tr>\r\n   \r\n   <tr><td><strong>Datum:<\/strong><\/td><td>20 april, 2020<\/td><\/tr>\r\n   \n  <\/table>\r\n  <\/div>\r\n <\/div>\r\n <div class=\"wpfilebase-fileinfo\">\r\n  177.0 KiB<br \/>\r\n  1064 Downloads<br \/>\r\n  <a href=\"#\" onclick=\"return wpfilebase_filedetails(3);\">Detaljer...<\/a>\r\n <\/div>\r\n <div style=\"clear: both;\"><\/div>\r\n<\/div><div class=\"wpfilebase-attachment\">\r\n <div class=\"wpfilebase-fileicon\"><a href=\"https:\/\/www.djuro-batsallskap.se\/web\/?wpfb_dl=364\" title=\"Download DBS Ans\u00f6kan Jollef\u00f6rvaring\" target=\"_blank\"><img decoding=\"async\" align=\"middle\" src=\"http:\/\/www.djuro-batsallskap.se\/web\/wp-includes\/images\/crystal\/document.png\" alt=\"DBS Ans\u00f6kan Jollef\u00f6rvaring\" \/><\/a><\/div>\r\n <div class=\"wpfilebase-rightcol\">\r\n  <div class=\"wpfilebase-filetitle\">\r\n   <a href=\"https:\/\/www.djuro-batsallskap.se\/web\/?wpfb_dl=364\" title=\"Download DBS Ans\u00f6kan Jollef\u00f6rvaring\" target=\"_blank\">DBS Ans\u00f6kan Jollef\u00f6rvaring<\/a><br \/>\r\n   DBS-Ansokan_Jolleforvaring202604.pdf<br \/>\r\n   \r\n   \r\n  <\/div>\r\n  <div class=\"wpfilebase-filedetails\" id=\"wpfilebase-filedetails4\" style=\"display: none;\">\r\n  <p>Ans\u00f6kan f\u00f6r att f\u00f6rvara jolle under sommars\u00e4song<\/p>\r\n  <table border=\"0\">\r\n   <tr><td><strong>Spr\u00e5k:<\/strong><\/td><td>Svenska <\/td><\/tr>\r\n   \r\n   \r\n   <tr><td><strong>Krav:<\/strong><\/td><td><a href=\"http:\/\/www.foxitsoftware.com\/pdf\/reader\/addons.php\" target=\"_blank\">PDF Reader<\/a><\/td><\/tr>\r\n   <tr><td><strong>Kategori:<\/strong><\/td><td>Stadgar, regler, policyn och medlemskap<\/td><\/tr>\r\n   \r\n   <tr><td><strong>Datum:<\/strong><\/td><td>20 maj, 2020<\/td><\/tr>\r\n   \n  <\/table>\r\n  <\/div>\r\n <\/div>\r\n <div class=\"wpfilebase-fileinfo\">\r\n  162.9 KiB<br \/>\r\n  586 Downloads<br \/>\r\n  <a href=\"#\" onclick=\"return wpfilebase_filedetails(4);\">Detaljer...<\/a>\r\n <\/div>\r\n <div style=\"clear: both;\"><\/div>\r\n<\/div><div class=\"wpfilebase-attachment\">\r\n <div class=\"wpfilebase-fileicon\"><a href=\"https:\/\/www.djuro-batsallskap.se\/web\/?wpfb_dl=179\" title=\"Download DBS Drogpolicy\" target=\"_blank\"><img decoding=\"async\" align=\"middle\" src=\"http:\/\/www.djuro-batsallskap.se\/web\/wp-includes\/images\/crystal\/document.png\" alt=\"DBS Drogpolicy\" \/><\/a><\/div>\r\n <div class=\"wpfilebase-rightcol\">\r\n  <div class=\"wpfilebase-filetitle\">\r\n   <a href=\"https:\/\/www.djuro-batsallskap.se\/web\/?wpfb_dl=179\" title=\"Download DBS Drogpolicy\" target=\"_blank\">DBS Drogpolicy<\/a><br \/>\r\n   DBS Drogpolicy,  120401, v1.1,W97.pdf<br \/>\r\n   Version: v1.1<br \/>\r\n   \r\n  <\/div>\r\n  <div class=\"wpfilebase-filedetails\" id=\"wpfilebase-filedetails5\" style=\"display: none;\">\r\n  <p><\/p>\r\n  <table border=\"0\">\r\n   \r\n   <tr><td><strong>F\u00f6rfattare:<\/strong><\/td><td>CWE<\/td><\/tr>\r\n   \r\n   \r\n   <tr><td><strong>Kategori:<\/strong><\/td><td>Stadgar, regler, policyn och medlemskap<\/td><\/tr>\r\n   \r\n   <tr><td><strong>Datum:<\/strong><\/td><td>6 april, 2012<\/td><\/tr>\r\n   \n  <\/table>\r\n  <\/div>\r\n <\/div>\r\n <div class=\"wpfilebase-fileinfo\">\r\n  57.3 KiB<br \/>\r\n  1778 Downloads<br \/>\r\n  <a href=\"#\" onclick=\"return wpfilebase_filedetails(5);\">Detaljer...<\/a>\r\n <\/div>\r\n <div style=\"clear: both;\"><\/div>\r\n<\/div><div class=\"wpfilebase-attachment\">\r\n <div class=\"wpfilebase-fileicon\"><a href=\"https:\/\/www.djuro-batsallskap.se\/web\/?wpfb_dl=360\" title=\"Download DBS Hamn- och Varvsregler\" target=\"_blank\"><img decoding=\"async\" align=\"middle\" src=\"http:\/\/www.djuro-batsallskap.se\/web\/wp-includes\/images\/crystal\/document.png\" alt=\"DBS Hamn- och Varvsregler\" \/><\/a><\/div>\r\n <div class=\"wpfilebase-rightcol\">\r\n  <div class=\"wpfilebase-filetitle\">\r\n   <a href=\"https:\/\/www.djuro-batsallskap.se\/web\/?wpfb_dl=360\" title=\"Download DBS Hamn- och Varvsregler\" target=\"_blank\">DBS Hamn- och Varvsregler<\/a><br \/>\r\n   DBS-Hamn-o-varvsregler-2024.pdf<br \/>\r\n   \r\n   \r\n  <\/div>\r\n  <div class=\"wpfilebase-filedetails\" id=\"wpfilebase-filedetails6\" style=\"display: none;\">\r\n  <p>Uppdaterade med tidigare till\u00e4mpningsregler after \u00e5rsm\u00f6tet 2024-03-10<\/p>\r\n  <table border=\"0\">\r\n   <tr><td><strong>Spr\u00e5k:<\/strong><\/td><td>Svenska <\/td><\/tr>\r\n   \r\n   \r\n   \r\n   <tr><td><strong>Kategori:<\/strong><\/td><td>Stadgar, regler, policyn och medlemskap<\/td><\/tr>\r\n   \r\n   <tr><td><strong>Datum:<\/strong><\/td><td>20 april, 2020<\/td><\/tr>\r\n   \n  <\/table>\r\n  <\/div>\r\n <\/div>\r\n <div class=\"wpfilebase-fileinfo\">\r\n  113.5 KiB<br \/>\r\n  764 Downloads<br \/>\r\n  <a href=\"#\" onclick=\"return wpfilebase_filedetails(6);\">Detaljer...<\/a>\r\n <\/div>\r\n <div style=\"clear: both;\"><\/div>\r\n<\/div><div class=\"wpfilebase-attachment\">\r\n <div class=\"wpfilebase-fileicon\"><a href=\"https:\/\/www.djuro-batsallskap.se\/web\/?wpfb_dl=362\" title=\"Download DBS Milj\u00f6policy\" target=\"_blank\"><img decoding=\"async\" align=\"middle\" src=\"http:\/\/www.djuro-batsallskap.se\/web\/wp-includes\/images\/crystal\/document.png\" alt=\"DBS Milj\u00f6policy\" \/><\/a><\/div>\r\n <div class=\"wpfilebase-rightcol\">\r\n  <div class=\"wpfilebase-filetitle\">\r\n   <a href=\"https:\/\/www.djuro-batsallskap.se\/web\/?wpfb_dl=362\" title=\"Download DBS Milj\u00f6policy\" target=\"_blank\">DBS Milj\u00f6policy<\/a><br \/>\r\n   DBS-Miljopolicy2017.pdf<br \/>\r\n   \r\n   \r\n  <\/div>\r\n  <div class=\"wpfilebase-filedetails\" id=\"wpfilebase-filedetails7\" style=\"display: none;\">\r\n  <p><\/p>\r\n  <table border=\"0\">\r\n   <tr><td><strong>Spr\u00e5k:<\/strong><\/td><td>Svenska <\/td><\/tr>\r\n   \r\n   \r\n   \r\n   <tr><td><strong>Kategori:<\/strong><\/td><td>Stadgar, regler, policyn och medlemskap<\/td><\/tr>\r\n   \r\n   <tr><td><strong>Datum:<\/strong><\/td><td>20 april, 2020<\/td><\/tr>\r\n   \n  <\/table>\r\n  <\/div>\r\n <\/div>\r\n <div class=\"wpfilebase-fileinfo\">\r\n  235.1 KiB<br \/>\r\n  600 Downloads<br \/>\r\n  <a href=\"#\" onclick=\"return wpfilebase_filedetails(7);\">Detaljer...<\/a>\r\n <\/div>\r\n <div style=\"clear: both;\"><\/div>\r\n<\/div><div class=\"wpfilebase-attachment\">\r\n <div class=\"wpfilebase-fileicon\"><a href=\"https:\/\/www.djuro-batsallskap.se\/web\/?wpfb_dl=358\" title=\"Download DBS Stadgar\" target=\"_blank\"><img decoding=\"async\" align=\"middle\" src=\"http:\/\/www.djuro-batsallskap.se\/web\/wp-includes\/images\/crystal\/document.png\" alt=\"DBS Stadgar\" \/><\/a><\/div>\r\n <div class=\"wpfilebase-rightcol\">\r\n  <div class=\"wpfilebase-filetitle\">\r\n   <a href=\"https:\/\/www.djuro-batsallskap.se\/web\/?wpfb_dl=358\" title=\"Download DBS Stadgar\" target=\"_blank\">DBS Stadgar<\/a><br \/>\r\n   DBS-Stadgar-20240310.pdf<br \/>\r\n   \r\n   \r\n  <\/div>\r\n  <div class=\"wpfilebase-filedetails\" id=\"wpfilebase-filedetails8\" style=\"display: none;\">\r\n  <p>Uppdaterade efter \u00e5rsm\u00f6tet 2024-03-10<\/p>\r\n  <table border=\"0\">\r\n   <tr><td><strong>Spr\u00e5k:<\/strong><\/td><td>Svenska <\/td><\/tr>\r\n   \r\n   \r\n   \r\n   <tr><td><strong>Kategori:<\/strong><\/td><td>Stadgar, regler, policyn och medlemskap<\/td><\/tr>\r\n   \r\n   <tr><td><strong>Datum:<\/strong><\/td><td>20 april, 2020<\/td><\/tr>\r\n   \n  <\/table>\r\n  <\/div>\r\n <\/div>\r\n <div class=\"wpfilebase-fileinfo\">\r\n  69.3 KiB<br \/>\r\n  706 Downloads<br \/>\r\n  <a href=\"#\" onclick=\"return wpfilebase_filedetails(8);\">Detaljer...<\/a>\r\n <\/div>\r\n <div style=\"clear: both;\"><\/div>\r\n<\/div>\n<div class=\"wpfilebase-attachment\">\r\n <div class=\"wpfilebase-fileicon\"><a href=\"https:\/\/www.djuro-batsallskap.se\/web\/?wpfb_dl=310\" title=\"Download DBS Milj\u00f6Intyg\" target=\"_blank\"><img decoding=\"async\" align=\"middle\" src=\"http:\/\/www.djuro-batsallskap.se\/web\/wp-includes\/images\/crystal\/document.png\" alt=\"DBS Milj\u00f6Intyg\" \/><\/a><\/div>\r\n <div class=\"wpfilebase-rightcol\">\r\n  <div class=\"wpfilebase-filetitle\">\r\n   <a href=\"https:\/\/www.djuro-batsallskap.se\/web\/?wpfb_dl=310\" title=\"Download DBS Milj\u00f6Intyg\" target=\"_blank\">DBS Milj\u00f6Intyg<\/a><br \/>\r\n   DBS-MiljoIntyg2020.pdf<br \/>\r\n   \r\n   \r\n  <\/div>\r\n  <div class=\"wpfilebase-filedetails\" id=\"wpfilebase-filedetails9\" style=\"display: none;\">\r\n  <p>Intyg av medlem om sin b\u00e5ts milj\u00f6status<\/p>\r\n  <table border=\"0\">\r\n   <tr><td><strong>Spr\u00e5k:<\/strong><\/td><td>Svenska <\/td><\/tr>\r\n   \r\n   \r\n   \r\n   <tr><td><strong>Kategori:<\/strong><\/td><td>Milj\u00f6arbetet filer<\/td><\/tr>\r\n   \r\n   <tr><td><strong>Datum:<\/strong><\/td><td>3 september, 2017<\/td><\/tr>\r\n   \n  <\/table>\r\n  <\/div>\r\n <\/div>\r\n <div class=\"wpfilebase-fileinfo\">\r\n  204.6 KiB<br \/>\r\n  1301 Downloads<br \/>\r\n  <a href=\"#\" onclick=\"return wpfilebase_filedetails(9);\">Detaljer...<\/a>\r\n <\/div>\r\n <div style=\"clear: both;\"><\/div>\r\n<\/div>\n<div class=\"wpfilebase-attachment\">\r\n <div class=\"wpfilebase-fileicon\"><a href=\"https:\/\/www.djuro-batsallskap.se\/web\/?wpfb_dl=414\" title=\"Download DBS Avgifter 2026\" target=\"_blank\"><img decoding=\"async\" align=\"middle\" src=\"http:\/\/www.djuro-batsallskap.se\/web\/wp-includes\/images\/crystal\/document.png\" alt=\"DBS Avgifter 2026\" \/><\/a><\/div>\r\n <div class=\"wpfilebase-rightcol\">\r\n  <div class=\"wpfilebase-filetitle\">\r\n   <a href=\"https:\/\/www.djuro-batsallskap.se\/web\/?wpfb_dl=414\" title=\"Download DBS Avgifter 2026\" target=\"_blank\">DBS Avgifter 2026<\/a><br \/>\r\n   DBS-Avgifter-2026.pdf<br \/>\r\n   \r\n   \r\n  <\/div>\r\n  <div class=\"wpfilebase-filedetails\" id=\"wpfilebase-filedetails10\" style=\"display: none;\">\r\n  <p>Styrelsens f\u00f6rslag till avgifter f\u00f6r 2026<\/p>\r\n  <table border=\"0\">\r\n   <tr><td><strong>Spr\u00e5k:<\/strong><\/td><td>Svenska <\/td><\/tr>\r\n   \r\n   \r\n   \r\n   <tr><td><strong>Kategori:<\/strong><\/td><td>Verksamhets\u00e5ret 2025  (\u00c5rsm\u00f6te 2026)<\/td><\/tr>\r\n   \r\n   <tr><td><strong>Datum:<\/strong><\/td><td>2 mars, 2026<\/td><\/tr>\r\n   \n  <\/table>\r\n  <\/div>\r\n <\/div>\r\n <div class=\"wpfilebase-fileinfo\">\r\n  199.7 KiB<br \/>\r\n  20 Downloads<br \/>\r\n  <a href=\"#\" onclick=\"return wpfilebase_filedetails(10);\">Detaljer...<\/a>\r\n <\/div>\r\n <div style=\"clear: both;\"><\/div>\r\n<\/div>\n<p>OBS: Om du har problem att l\u00e4sa filen s\u00e5 kan du ladda hem filen till din dator genom att &#8221;h\u00f6ger-klicka&#8221; med musen och v\u00e4lja &#8221;Spara m\u00e5l som&#8230;&#8221;<\/p>\n<p>Om du delar DBS v\u00e4rderingar och inriktning enligt ovanst\u00e5ende Stadgar och Hamn-\/varsregler kan du skicka in ans\u00f6kan till:<\/p>\n<p><strong>Djur\u00f6 B\u00e5ts\u00e4llskap<\/strong><\/p>\n<p><strong>Box 30<\/strong><\/p>\n<p><strong>139 73 DJURHAMN<\/strong><\/p>\n","protected":false},"excerpt":{"rendered":"<p>Djur\u00f6 B\u00e5ts\u00e4llskap, DBS, \u00e4r en ideell f\u00f6rening som bygger p\u00e5 medlemmarnas gemensamma arbetsinsatser f\u00f6r att \u00e5stadkomma en trivsam och v\u00e4l fungerande b\u00e5tklubb. DBS verkar f\u00f6r ett aktivt b\u00e5tliv med kappseglingar, eskaderseglingar, ungdoms-verksamhet, information om b\u00e5tlivsfr\u00e5gor samt inte minst en trivsam &hellip; <a href=\"https:\/\/www.djuro-batsallskap.se\/web\/?page_id=36\">Continued<\/a><\/p>\n","protected":false},"author":1,"featured_media":0,"parent":0,"menu_order":0,"comment_status":"closed","ping_status":"open","template":"","meta":{"ngg_post_thumbnail":0,"footnotes":""},"class_list":["post-36","page","type-page","status-publish","hentry"],"_links":{"self":[{"href":"https:\/\/www.djuro-batsallskap.se\/web\/index.php?rest_route=\/wp\/v2\/pages\/36","targetHints":{"allow":["GET"]}}],"collection":[{"href":"https:\/\/www.djuro-batsallskap.se\/web\/index.php?rest_route=\/wp\/v2\/pages"}],"about":[{"href":"https:\/\/www.djuro-batsallskap.se\/web\/index.php?rest_route=\/wp\/v2\/types\/page"}],"author":[{"embeddable":true,"href":"https:\/\/www.djuro-batsallskap.se\/web\/index.php?rest_route=\/wp\/v2\/users\/1"}],"replies":[{"embeddable":true,"href":"https:\/\/www.djuro-batsallskap.se\/web\/index.php?rest_route=%2Fwp%2Fv2%2Fcomments&post=36"}],"version-history":[{"count":60,"href":"https:\/\/www.djuro-batsallskap.se\/web\/index.php?rest_route=\/wp\/v2\/pages\/36\/revisions"}],"predecessor-version":[{"id":2430,"href":"https:\/\/www.djuro-batsallskap.se\/web\/index.php?rest_route=\/wp\/v2\/pages\/36\/revisions\/2430"}],"wp:attachment":[{"href":"https:\/\/www.djuro-batsallskap.se\/web\/index.php?rest_route=%2Fwp%2Fv2%2Fmedia&parent=36"}],"curies":[{"name":"wp","href":"https:\/\/api.w.org\/{rel}","templated":true}]}}