{"id":2094,"date":"2021-01-13T12:40:11","date_gmt":"2021-01-13T11:40:11","guid":{"rendered":"http:\/\/www.djuro-batsallskap.se\/web\/?page_id=2094"},"modified":"2021-03-08T15:16:36","modified_gmt":"2021-03-08T14:16:36","slug":"medlemsmoteshandlingar-2021","status":"publish","type":"page","link":"https:\/\/www.djuro-batsallskap.se\/web\/?page_id=2094","title":{"rendered":"Medlemsm\u00f6teshandlingar 2021"},"content":{"rendered":"<p>H\u00e4r hittar du alla handlingarna till \u00e5rsm\u00f6tet 2021.<br \/>\nM\u00f6tet sker digitalt.<\/p>\n<p>Har du INTE f\u00e5tt ett e-post med kallelse och r\u00f6stsedel s\u00e5 kontakta f\u00f6reningen.<\/p>\n<div class=\"wpfilebase-attachment\">\r\n <div class=\"wpfilebase-fileicon\"><a href=\"https:\/\/www.djuro-batsallskap.se\/web\/?wpfb_dl=366\" title=\"Download DBS Kallelse \u00c5rsm\u00f6te 2021\" target=\"_blank\"><img decoding=\"async\" align=\"middle\" src=\"http:\/\/www.djuro-batsallskap.se\/web\/wp-includes\/images\/crystal\/document.png\" alt=\"DBS Kallelse \u00c5rsm\u00f6te 2021\" \/><\/a><\/div>\r\n <div class=\"wpfilebase-rightcol\">\r\n  <div class=\"wpfilebase-filetitle\">\r\n   <a href=\"https:\/\/www.djuro-batsallskap.se\/web\/?wpfb_dl=366\" title=\"Download DBS Kallelse \u00c5rsm\u00f6te 2021\" target=\"_blank\">DBS Kallelse \u00c5rsm\u00f6te 2021<\/a><br \/>\r\n   KallelseArsmote2021.pdf<br \/>\r\n   \r\n   \r\n  <\/div>\r\n  <div class=\"wpfilebase-filedetails\" id=\"wpfilebase-filedetails1\" style=\"display: none;\">\r\n  <p><\/p>\r\n  <table border=\"0\">\r\n   <tr><td><strong>Spr\u00e5k:<\/strong><\/td><td>Svenska <\/td><\/tr>\r\n   \r\n   \r\n   \r\n   <tr><td><strong>Kategori:<\/strong><\/td><td>Verksamhets\u00e5ret 2020 (\u00c5rsm\u00f6te 2021)<\/td><\/tr>\r\n   \r\n   <tr><td><strong>Datum:<\/strong><\/td><td>8 mars, 2021<\/td><\/tr>\r\n   \n  <\/table>\r\n  <\/div>\r\n <\/div>\r\n <div class=\"wpfilebase-fileinfo\">\r\n  247.9 KiB<br \/>\r\n  372 Downloads<br \/>\r\n  <a href=\"#\" onclick=\"return wpfilebase_filedetails(1);\">Detaljer...<\/a>\r\n <\/div>\r\n <div style=\"clear: both;\"><\/div>\r\n<\/div><div class=\"wpfilebase-attachment\">\r\n <div class=\"wpfilebase-fileicon\"><a href=\"https:\/\/www.djuro-batsallskap.se\/web\/?wpfb_dl=367\" title=\"Download DBS Budget 2021\" target=\"_blank\"><img decoding=\"async\" align=\"middle\" src=\"http:\/\/www.djuro-batsallskap.se\/web\/wp-includes\/images\/crystal\/document.png\" alt=\"DBS Budget 2021\" \/><\/a><\/div>\r\n <div class=\"wpfilebase-rightcol\">\r\n  <div class=\"wpfilebase-filetitle\">\r\n   <a href=\"https:\/\/www.djuro-batsallskap.se\/web\/?wpfb_dl=367\" title=\"Download DBS Budget 2021\" target=\"_blank\">DBS Budget 2021<\/a><br \/>\r\n   DBS-Budget-2021.pdf<br \/>\r\n   \r\n   \r\n  <\/div>\r\n  <div class=\"wpfilebase-filedetails\" id=\"wpfilebase-filedetails2\" style=\"display: none;\">\r\n  <p>Uppdaterad 2021-05-19 p.g.a. feltryck p\u00e5 kolumn-\u00e5rtal och kontonummer.<\/p>\r\n  <table border=\"0\">\r\n   <tr><td><strong>Spr\u00e5k:<\/strong><\/td><td>Svenska <\/td><\/tr>\r\n   \r\n   \r\n   \r\n   <tr><td><strong>Kategori:<\/strong><\/td><td>Verksamhets\u00e5ret 2020 (\u00c5rsm\u00f6te 2021)<\/td><\/tr>\r\n   \r\n   <tr><td><strong>Datum:<\/strong><\/td><td>8 mars, 2021<\/td><\/tr>\r\n   \n  <\/table>\r\n  <\/div>\r\n <\/div>\r\n <div class=\"wpfilebase-fileinfo\">\r\n  139.7 KiB<br \/>\r\n  390 Downloads<br \/>\r\n  <a href=\"#\" onclick=\"return wpfilebase_filedetails(2);\">Detaljer...<\/a>\r\n <\/div>\r\n <div style=\"clear: both;\"><\/div>\r\n<\/div><div class=\"wpfilebase-attachment\">\r\n <div class=\"wpfilebase-fileicon\"><a href=\"https:\/\/www.djuro-batsallskap.se\/web\/?wpfb_dl=368\" title=\"Download DBS Avgifter 2021\" target=\"_blank\"><img decoding=\"async\" align=\"middle\" src=\"http:\/\/www.djuro-batsallskap.se\/web\/wp-includes\/images\/crystal\/document.png\" alt=\"DBS Avgifter 2021\" \/><\/a><\/div>\r\n <div class=\"wpfilebase-rightcol\">\r\n  <div class=\"wpfilebase-filetitle\">\r\n   <a href=\"https:\/\/www.djuro-batsallskap.se\/web\/?wpfb_dl=368\" title=\"Download DBS Avgifter 2021\" target=\"_blank\">DBS Avgifter 2021<\/a><br \/>\r\n   DBS-Avgifter-2021.pdf<br \/>\r\n   \r\n   \r\n  <\/div>\r\n  <div class=\"wpfilebase-filedetails\" id=\"wpfilebase-filedetails3\" style=\"display: none;\">\r\n  <p><\/p>\r\n  <table border=\"0\">\r\n   <tr><td><strong>Spr\u00e5k:<\/strong><\/td><td>Svenska <\/td><\/tr>\r\n   \r\n   \r\n   \r\n   <tr><td><strong>Kategori:<\/strong><\/td><td>Verksamhets\u00e5ret 2020 (\u00c5rsm\u00f6te 2021)<\/td><\/tr>\r\n   \r\n   <tr><td><strong>Datum:<\/strong><\/td><td>8 mars, 2021<\/td><\/tr>\r\n   \n  <\/table>\r\n  <\/div>\r\n <\/div>\r\n <div class=\"wpfilebase-fileinfo\">\r\n  137.4 KiB<br \/>\r\n  372 Downloads<br \/>\r\n  <a href=\"#\" onclick=\"return wpfilebase_filedetails(3);\">Detaljer...<\/a>\r\n <\/div>\r\n <div style=\"clear: both;\"><\/div>\r\n<\/div><div class=\"wpfilebase-attachment\">\r\n <div class=\"wpfilebase-fileicon\"><a href=\"https:\/\/www.djuro-batsallskap.se\/web\/?wpfb_dl=369\" title=\"Download Valberedningens F\u00f6rslag 2021\" target=\"_blank\"><img decoding=\"async\" align=\"middle\" src=\"http:\/\/www.djuro-batsallskap.se\/web\/wp-includes\/images\/crystal\/document.png\" alt=\"Valberedningens F\u00f6rslag 2021\" \/><\/a><\/div>\r\n <div class=\"wpfilebase-rightcol\">\r\n  <div class=\"wpfilebase-filetitle\">\r\n   <a href=\"https:\/\/www.djuro-batsallskap.se\/web\/?wpfb_dl=369\" title=\"Download Valberedningens F\u00f6rslag 2021\" target=\"_blank\">Valberedningens F\u00f6rslag 2021<\/a><br \/>\r\n   Valberedningens-forslag-2021.pdf<br \/>\r\n   \r\n   \r\n  <\/div>\r\n  <div class=\"wpfilebase-filedetails\" id=\"wpfilebase-filedetails4\" style=\"display: none;\">\r\n  <p><\/p>\r\n  <table border=\"0\">\r\n   <tr><td><strong>Spr\u00e5k:<\/strong><\/td><td>Svenska <\/td><\/tr>\r\n   \r\n   \r\n   \r\n   <tr><td><strong>Kategori:<\/strong><\/td><td>Verksamhets\u00e5ret 2020 (\u00c5rsm\u00f6te 2021)<\/td><\/tr>\r\n   \r\n   <tr><td><strong>Datum:<\/strong><\/td><td>8 mars, 2021<\/td><\/tr>\r\n   \n  <\/table>\r\n  <\/div>\r\n <\/div>\r\n <div class=\"wpfilebase-fileinfo\">\r\n  98.2 KiB<br \/>\r\n  391 Downloads<br \/>\r\n  <a href=\"#\" onclick=\"return wpfilebase_filedetails(4);\">Detaljer...<\/a>\r\n <\/div>\r\n <div style=\"clear: both;\"><\/div>\r\n<\/div><div class=\"wpfilebase-attachment\">\r\n <div class=\"wpfilebase-fileicon\"><a href=\"https:\/\/www.djuro-batsallskap.se\/web\/?wpfb_dl=370\" title=\"Download Revisionsber\u00e4ttelsen 2020\" target=\"_blank\"><img decoding=\"async\" align=\"middle\" src=\"http:\/\/www.djuro-batsallskap.se\/web\/wp-includes\/images\/crystal\/document.png\" alt=\"Revisionsber\u00e4ttelsen 2020\" \/><\/a><\/div>\r\n <div class=\"wpfilebase-rightcol\">\r\n  <div class=\"wpfilebase-filetitle\">\r\n   <a href=\"https:\/\/www.djuro-batsallskap.se\/web\/?wpfb_dl=370\" title=\"Download Revisionsber\u00e4ttelsen 2020\" target=\"_blank\">Revisionsber\u00e4ttelsen 2020<\/a><br \/>\r\n   Revisionsberattelsen-2020.pdf<br \/>\r\n   \r\n   \r\n  <\/div>\r\n  <div class=\"wpfilebase-filedetails\" id=\"wpfilebase-filedetails5\" style=\"display: none;\">\r\n  <p><\/p>\r\n  <table border=\"0\">\r\n   \r\n   \r\n   \r\n   \r\n   <tr><td><strong>Kategori:<\/strong><\/td><td>Verksamhets\u00e5ret 2020 (\u00c5rsm\u00f6te 2021)<\/td><\/tr>\r\n   \r\n   <tr><td><strong>Datum:<\/strong><\/td><td>8 mars, 2021<\/td><\/tr>\r\n   \n  <\/table>\r\n  <\/div>\r\n <\/div>\r\n <div class=\"wpfilebase-fileinfo\">\r\n  66.4 KiB<br \/>\r\n  374 Downloads<br \/>\r\n  <a href=\"#\" onclick=\"return wpfilebase_filedetails(5);\">Detaljer...<\/a>\r\n <\/div>\r\n <div style=\"clear: both;\"><\/div>\r\n<\/div><div class=\"wpfilebase-attachment\">\r\n <div class=\"wpfilebase-fileicon\"><a href=\"https:\/\/www.djuro-batsallskap.se\/web\/?wpfb_dl=371\" title=\"Download DBS Resultat &amp; Balans 20201231\" target=\"_blank\"><img decoding=\"async\" align=\"middle\" src=\"http:\/\/www.djuro-batsallskap.se\/web\/wp-includes\/images\/crystal\/document.png\" alt=\"DBS Resultat &amp; Balans 20201231\" \/><\/a><\/div>\r\n <div class=\"wpfilebase-rightcol\">\r\n  <div class=\"wpfilebase-filetitle\">\r\n   <a href=\"https:\/\/www.djuro-batsallskap.se\/web\/?wpfb_dl=371\" title=\"Download DBS Resultat &amp; Balans 20201231\" target=\"_blank\">DBS Resultat &amp; Balans 20201231<\/a><br \/>\r\n   DBS-Resultat-Balans-20201231.pdf<br \/>\r\n   \r\n   \r\n  <\/div>\r\n  <div class=\"wpfilebase-filedetails\" id=\"wpfilebase-filedetails6\" style=\"display: none;\">\r\n  <p><\/p>\r\n  <table border=\"0\">\r\n   \r\n   \r\n   \r\n   \r\n   <tr><td><strong>Kategori:<\/strong><\/td><td>Verksamhets\u00e5ret 2020 (\u00c5rsm\u00f6te 2021)<\/td><\/tr>\r\n   \r\n   <tr><td><strong>Datum:<\/strong><\/td><td>11 mars, 2021<\/td><\/tr>\r\n   \n  <\/table>\r\n  <\/div>\r\n <\/div>\r\n <div class=\"wpfilebase-fileinfo\">\r\n  337.8 KiB<br \/>\r\n  371 Downloads<br \/>\r\n  <a href=\"#\" onclick=\"return wpfilebase_filedetails(6);\">Detaljer...<\/a>\r\n <\/div>\r\n <div style=\"clear: both;\"><\/div>\r\n<\/div><div class=\"wpfilebase-attachment\">\r\n <div class=\"wpfilebase-fileicon\"><a href=\"https:\/\/www.djuro-batsallskap.se\/web\/?wpfb_dl=372\" title=\"Download Verksamhetsber\u00e4ttelse 2020\" target=\"_blank\"><img decoding=\"async\" align=\"middle\" src=\"http:\/\/www.djuro-batsallskap.se\/web\/wp-includes\/images\/crystal\/document.png\" alt=\"Verksamhetsber\u00e4ttelse 2020\" \/><\/a><\/div>\r\n <div class=\"wpfilebase-rightcol\">\r\n  <div class=\"wpfilebase-filetitle\">\r\n   <a href=\"https:\/\/www.djuro-batsallskap.se\/web\/?wpfb_dl=372\" title=\"Download Verksamhetsber\u00e4ttelse 2020\" target=\"_blank\">Verksamhetsber\u00e4ttelse 2020<\/a><br \/>\r\n   Verksamhetsberattelse-2020.pdf<br \/>\r\n   \r\n   \r\n  <\/div>\r\n  <div class=\"wpfilebase-filedetails\" id=\"wpfilebase-filedetails7\" style=\"display: none;\">\r\n  <p><\/p>\r\n  <table border=\"0\">\r\n   <tr><td><strong>Spr\u00e5k:<\/strong><\/td><td>Svenska <\/td><\/tr>\r\n   \r\n   \r\n   \r\n   <tr><td><strong>Kategori:<\/strong><\/td><td>Verksamhets\u00e5ret 2020 (\u00c5rsm\u00f6te 2021)<\/td><\/tr>\r\n   \r\n   <tr><td><strong>Datum:<\/strong><\/td><td>11 mars, 2021<\/td><\/tr>\r\n   \n  <\/table>\r\n  <\/div>\r\n <\/div>\r\n <div class=\"wpfilebase-fileinfo\">\r\n  1.5 MiB<br \/>\r\n  405 Downloads<br \/>\r\n  <a href=\"#\" onclick=\"return wpfilebase_filedetails(7);\">Detaljer...<\/a>\r\n <\/div>\r\n <div style=\"clear: both;\"><\/div>\r\n<\/div><div class=\"wpfilebase-attachment\">\r\n <div class=\"wpfilebase-fileicon\"><a href=\"https:\/\/www.djuro-batsallskap.se\/web\/?wpfb_dl=373\" title=\"Download Verksamhetsplan 2021\" target=\"_blank\"><img decoding=\"async\" align=\"middle\" src=\"http:\/\/www.djuro-batsallskap.se\/web\/wp-includes\/images\/crystal\/document.png\" alt=\"Verksamhetsplan 2021\" \/><\/a><\/div>\r\n <div class=\"wpfilebase-rightcol\">\r\n  <div class=\"wpfilebase-filetitle\">\r\n   <a href=\"https:\/\/www.djuro-batsallskap.se\/web\/?wpfb_dl=373\" title=\"Download Verksamhetsplan 2021\" target=\"_blank\">Verksamhetsplan 2021<\/a><br \/>\r\n   Verksamhetsplan-2021.pdf<br \/>\r\n   \r\n   \r\n  <\/div>\r\n  <div class=\"wpfilebase-filedetails\" id=\"wpfilebase-filedetails8\" style=\"display: none;\">\r\n  <p><\/p>\r\n  <table border=\"0\">\r\n   <tr><td><strong>Spr\u00e5k:<\/strong><\/td><td>Svenska <\/td><\/tr>\r\n   \r\n   \r\n   \r\n   <tr><td><strong>Kategori:<\/strong><\/td><td>Verksamhets\u00e5ret 2020 (\u00c5rsm\u00f6te 2021)<\/td><\/tr>\r\n   \r\n   <tr><td><strong>Datum:<\/strong><\/td><td>11 mars, 2021<\/td><\/tr>\r\n   \n  <\/table>\r\n  <\/div>\r\n <\/div>\r\n <div class=\"wpfilebase-fileinfo\">\r\n  246.8 KiB<br \/>\r\n  359 Downloads<br \/>\r\n  <a href=\"#\" onclick=\"return wpfilebase_filedetails(8);\">Detaljer...<\/a>\r\n <\/div>\r\n <div style=\"clear: both;\"><\/div>\r\n<\/div><div class=\"wpfilebase-attachment\">\r\n <div class=\"wpfilebase-fileicon\"><a href=\"https:\/\/www.djuro-batsallskap.se\/web\/?wpfb_dl=374\" title=\"Download \u00c5rsbokslut 2020\" target=\"_blank\"><img decoding=\"async\" align=\"middle\" src=\"http:\/\/www.djuro-batsallskap.se\/web\/wp-includes\/images\/crystal\/document.png\" alt=\"\u00c5rsbokslut 2020\" \/><\/a><\/div>\r\n <div class=\"wpfilebase-rightcol\">\r\n  <div class=\"wpfilebase-filetitle\">\r\n   <a href=\"https:\/\/www.djuro-batsallskap.se\/web\/?wpfb_dl=374\" title=\"Download \u00c5rsbokslut 2020\" target=\"_blank\">\u00c5rsbokslut 2020<\/a><br \/>\r\n   814000-7934-DjuroBatsallskap20201231.pdf<br \/>\r\n   \r\n   \r\n  <\/div>\r\n  <div class=\"wpfilebase-filedetails\" id=\"wpfilebase-filedetails9\" style=\"display: none;\">\r\n  <p>Kommer att skrivas under av styrelsen p\u00e5 ordinarie styrelsem\u00f6te 23 mars 2021.<\/p>\r\n  <table border=\"0\">\r\n   <tr><td><strong>Spr\u00e5k:<\/strong><\/td><td>Svenska <\/td><\/tr>\r\n   \r\n   \r\n   \r\n   <tr><td><strong>Kategori:<\/strong><\/td><td>Verksamhets\u00e5ret 2020 (\u00c5rsm\u00f6te 2021)<\/td><\/tr>\r\n   \r\n   <tr><td><strong>Datum:<\/strong><\/td><td>11 mars, 2021<\/td><\/tr>\r\n   \n  <\/table>\r\n  <\/div>\r\n <\/div>\r\n <div class=\"wpfilebase-fileinfo\">\r\n  225.9 KiB<br \/>\r\n  399 Downloads<br \/>\r\n  <a href=\"#\" onclick=\"return wpfilebase_filedetails(9);\">Detaljer...<\/a>\r\n <\/div>\r\n <div style=\"clear: both;\"><\/div>\r\n<\/div><div class=\"wpfilebase-attachment\">\r\n <div class=\"wpfilebase-fileicon\"><a href=\"https:\/\/www.djuro-batsallskap.se\/web\/?wpfb_dl=375\" title=\"Download DBS \u00c5rsm\u00f6tesprotokoll 20210428\" target=\"_blank\"><img decoding=\"async\" align=\"middle\" src=\"http:\/\/www.djuro-batsallskap.se\/web\/wp-includes\/images\/crystal\/document.png\" alt=\"DBS \u00c5rsm\u00f6tesprotokoll 20210428\" \/><\/a><\/div>\r\n <div class=\"wpfilebase-rightcol\">\r\n  <div class=\"wpfilebase-filetitle\">\r\n   <a href=\"https:\/\/www.djuro-batsallskap.se\/web\/?wpfb_dl=375\" title=\"Download DBS \u00c5rsm\u00f6tesprotokoll 20210428\" target=\"_blank\">DBS \u00c5rsm\u00f6tesprotokoll 20210428<\/a><br \/>\r\n   DBS-Arsmotesprotokoll-20210428.pdf<br \/>\r\n   \r\n   \r\n  <\/div>\r\n  <div class=\"wpfilebase-filedetails\" id=\"wpfilebase-filedetails10\" style=\"display: none;\">\r\n  <p><\/p>\r\n  <table border=\"0\">\r\n   \r\n   \r\n   \r\n   \r\n   <tr><td><strong>Kategori:<\/strong><\/td><td>Verksamhets\u00e5ret 2020 (\u00c5rsm\u00f6te 2021)<\/td><\/tr>\r\n   \r\n   <tr><td><strong>Datum:<\/strong><\/td><td>15 april, 2021<\/td><\/tr>\r\n   \n  <\/table>\r\n  <\/div>\r\n <\/div>\r\n <div class=\"wpfilebase-fileinfo\">\r\n  354.2 KiB<br \/>\r\n  387 Downloads<br \/>\r\n  <a href=\"#\" onclick=\"return wpfilebase_filedetails(10);\">Detaljer...<\/a>\r\n <\/div>\r\n <div style=\"clear: both;\"><\/div>\r\n<\/div>\n<p>&nbsp;<\/p>\n","protected":false},"excerpt":{"rendered":"<p>H\u00e4r hittar du alla handlingarna till \u00e5rsm\u00f6tet 2021. M\u00f6tet sker digitalt. Har du INTE f\u00e5tt ett e-post med kallelse och r\u00f6stsedel s\u00e5 kontakta f\u00f6reningen. &nbsp;<\/p>\n","protected":false},"author":1,"featured_media":0,"parent":678,"menu_order":2021,"comment_status":"closed","ping_status":"closed","template":"","meta":{"ngg_post_thumbnail":0,"footnotes":""},"class_list":["post-2094","page","type-page","status-publish","hentry"],"_links":{"self":[{"href":"https:\/\/www.djuro-batsallskap.se\/web\/index.php?rest_route=\/wp\/v2\/pages\/2094","targetHints":{"allow":["GET"]}}],"collection":[{"href":"https:\/\/www.djuro-batsallskap.se\/web\/index.php?rest_route=\/wp\/v2\/pages"}],"about":[{"href":"https:\/\/www.djuro-batsallskap.se\/web\/index.php?rest_route=\/wp\/v2\/types\/page"}],"author":[{"embeddable":true,"href":"https:\/\/www.djuro-batsallskap.se\/web\/index.php?rest_route=\/wp\/v2\/users\/1"}],"replies":[{"embeddable":true,"href":"https:\/\/www.djuro-batsallskap.se\/web\/index.php?rest_route=%2Fwp%2Fv2%2Fcomments&post=2094"}],"version-history":[{"count":3,"href":"https:\/\/www.djuro-batsallskap.se\/web\/index.php?rest_route=\/wp\/v2\/pages\/2094\/revisions"}],"predecessor-version":[{"id":2104,"href":"https:\/\/www.djuro-batsallskap.se\/web\/index.php?rest_route=\/wp\/v2\/pages\/2094\/revisions\/2104"}],"up":[{"embeddable":true,"href":"https:\/\/www.djuro-batsallskap.se\/web\/index.php?rest_route=\/wp\/v2\/pages\/678"}],"wp:attachment":[{"href":"https:\/\/www.djuro-batsallskap.se\/web\/index.php?rest_route=%2Fwp%2Fv2%2Fmedia&parent=2094"}],"curies":[{"name":"wp","href":"https:\/\/api.w.org\/{rel}","templated":true}]}}