{"id":140,"date":"2012-02-11T10:52:38","date_gmt":"2012-02-11T09:52:38","guid":{"rendered":"http:\/\/www.djuro-batsallskap.se\/web\/?page_id=140"},"modified":"2020-04-25T14:57:49","modified_gmt":"2020-04-25T12:57:49","slug":"dbs-album","status":"publish","type":"page","link":"https:\/\/www.djuro-batsallskap.se\/web\/?page_id=140","title":{"rendered":"DBS Album"},"content":{"rendered":"<p>Bilder ur &#8221;v\u00e5ra&#8221; album.<\/p>\n<p style=\"text-align: left;\"><strong>Sj\u00f6s\u00e4ttning 2020-1<\/strong><br \/>\nngg_shortcode_0_placeholder\n<p><strong>DBS 2020<\/strong><br \/>\n<span style=\"display: inline !important; float: none; background-color: #ffffff; color: #333333; cursor: text; font-family: 'Helvetica Neue',Helvetica,Arial,sans-serif; font-size: 14px; font-style: normal; font-variant: normal; font-weight: 400; letter-spacing: normal; orphans: 2; text-align: left; text-decoration: none; text-indent: 0px; text-transform: none; -webkit-text-stroke-width: 0px; white-space: normal; word-spacing: 0px;\">ngg_shortcode_1_placeholder<\/span><\/p>\n<p><strong>T\u00e4vlingar och Event<\/strong><br \/>\nngg_shortcode_2_placeholder\n<p><strong>Arbetsdagar<\/strong><br \/>\nngg_shortcode_3_placeholder\n<p>&nbsp;<\/p>\n","protected":false},"excerpt":{"rendered":"<p>Bilder ur &#8221;v\u00e5ra&#8221; album. Sj\u00f6s\u00e4ttning 2020-1 DBS 2020 T\u00e4vlingar och Event Arbetsdagar &nbsp;<\/p>\n","protected":false},"author":1,"featured_media":0,"parent":0,"menu_order":90,"comment_status":"closed","ping_status":"open","template":"","meta":{"ngg_post_thumbnail":0,"footnotes":""},"class_list":["post-140","page","type-page","status-publish","hentry"],"_links":{"self":[{"href":"https:\/\/www.djuro-batsallskap.se\/web\/index.php?rest_route=\/wp\/v2\/pages\/140","targetHints":{"allow":["GET"]}}],"collection":[{"href":"https:\/\/www.djuro-batsallskap.se\/web\/index.php?rest_route=\/wp\/v2\/pages"}],"about":[{"href":"https:\/\/www.djuro-batsallskap.se\/web\/index.php?rest_route=\/wp\/v2\/types\/page"}],"author":[{"embeddable":true,"href":"https:\/\/www.djuro-batsallskap.se\/web\/index.php?rest_route=\/wp\/v2\/users\/1"}],"replies":[{"embeddable":true,"href":"https:\/\/www.djuro-batsallskap.se\/web\/index.php?rest_route=%2Fwp%2Fv2%2Fcomments&post=140"}],"version-history":[{"count":24,"href":"https:\/\/www.djuro-batsallskap.se\/web\/index.php?rest_route=\/wp\/v2\/pages\/140\/revisions"}],"predecessor-version":[{"id":1988,"href":"https:\/\/www.djuro-batsallskap.se\/web\/index.php?rest_route=\/wp\/v2\/pages\/140\/revisions\/1988"}],"wp:attachment":[{"href":"https:\/\/www.djuro-batsallskap.se\/web\/index.php?rest_route=%2Fwp%2Fv2%2Fmedia&parent=140"}],"curies":[{"name":"wp","href":"https:\/\/api.w.org\/{rel}","templated":true}]}}